{"id":6248,"date":"2022-05-22T15:34:14","date_gmt":"2022-05-22T12:34:14","guid":{"rendered":"https:\/\/deteks.com.tr\/esters\/"},"modified":"2024-01-12T14:01:57","modified_gmt":"2024-01-12T11:01:57","slug":"esters","status":"publish","type":"page","link":"https:\/\/deteks.com.tr\/en\/esters\/","title":{"rendered":"Esters"},"content":{"rendered":"\t\t<div data-elementor-type=\"wp-page\" data-elementor-id=\"6248\" class=\"elementor elementor-6248 elementor-4068\" data-elementor-post-type=\"page\">\n\t\t\t\t\t\t<section class=\"elementor-section elementor-top-section elementor-element elementor-element-58b17616 elementor-section-height-min-height elementor-section-boxed elementor-section-height-default elementor-section-items-middle\" data-id=\"58b17616\" data-element_type=\"section\" data-e-type=\"section\" data-settings=\"{&quot;background_background&quot;:&quot;classic&quot;}\">\n\t\t\t\t\t\t\t<div class=\"elementor-background-overlay\"><\/div>\n\t\t\t\t\t\t\t<div class=\"elementor-container elementor-column-gap-default\">\n\t\t\t\t\t<div class=\"elementor-column elementor-col-100 elementor-top-column elementor-element elementor-element-469f49e5\" data-id=\"469f49e5\" data-element_type=\"column\" data-e-type=\"column\">\n\t\t\t<div class=\"elementor-widget-wrap elementor-element-populated\">\n\t\t\t\t\t\t<div class=\"elementor-element elementor-element-7075dcbb elementor-widget elementor-widget-heading\" data-id=\"7075dcbb\" data-element_type=\"widget\" data-e-type=\"widget\" data-widget_type=\"heading.default\">\n\t\t\t\t<div class=\"elementor-widget-container\">\n\t\t\t\t\t<h1 class=\"elementor-heading-title elementor-size-default\">ESTERS<\/h1>\t\t\t\t<\/div>\n\t\t\t\t<\/div>\n\t\t\t\t\t<\/div>\n\t\t<\/div>\n\t\t\t\t\t<\/div>\n\t\t<\/section>\n\t\t\t\t<div class=\"unlimited-elements-background-overlay\" data-forid=\"58b17616\" data-location=\"back\" style=\"display:none\">\n\t\t\t<template>\n\t\t\t\n<!-- start Wave Animation -->\n<style>\/* widget: Wave Animation *\/\n\n@keyframes move_wave {\n    0% {\n        transform: translateX(0) translateZ(0) scaleY(1)\n    }\n    50% {\n        transform: translateX(-25%) translateZ(0) scaleY(0.55)\n    }\n    100% {\n        transform: translateX(-50%) translateZ(0) scaleY(1)\n    }\n}\n.waveWrapper {\n    overflow: hidden;\n    position: absolute;\n    left: 0;\n    right: 0;\n    bottom: 0;\n    top: 0;\n    margin: auto;\n}\n.waveWrapperInner {\n    position: absolute;\n    width: 100%;\n    overflow: hidden;\n    height: 100%;\n    bottom: -1px;\n}\n.bgTop {\n    z-index: 15;\n    opacity: 0.5;\n}\n.bgMiddle {\n    z-index: 10;\n    opacity: 0.75;\n}\n.bgBottom {\n    z-index: 5;\n}\n.wave {\n    position: absolute;\n    left: 0;\n    width: 200%;\n    height: 100%;\n    background-repeat: repeat no-repeat;\n    background-position: 0 bottom;\n    transform-origin: center bottom;\n}\n.waveTop {\n    background-size: 50% 100px;\n}\n.waveAnimation .waveTop {\n  animation: move-wave 3s;\n   -webkit-animation: move-wave 3s;\n   -webkit-animation-delay: 1s;\n   animation-delay: 1s;\n}\n.waveMiddle {\n    background-size: 50% 120px;\n}\n.waveAnimation .waveMiddle {\n    animation: move_wave 10s linear infinite;\n}\n.waveBottom {\n    background-size: 50% 100px;\n}\n.waveAnimation .waveBottom {\n    animation: move_wave 15s linear infinite;\n}\n\n<\/style>\n\n<div class=\"waveWrapper waveAnimation\">\n  <div class=\"waveWrapperInner bgTop\">\n    <div class=\"wave waveTop\" style=\"background-image: url('https:\/\/deteks.com.tr\/wp-content\/uploads\/ac_assets\/wave_animation\/wave-top.png')\"><\/div>\n  <\/div>\n  <div class=\"waveWrapperInner bgMiddle\">\n    <div class=\"wave waveMiddle\" style=\"background-image: url('https:\/\/deteks.com.tr\/wp-content\/uploads\/ac_assets\/wave_animation\/wave-mid.png')\"><\/div>\n  <\/div>\n  <div class=\"waveWrapperInner bgBottom\">\n    <div class=\"wave waveBottom\" style=\"background-image: url('https:\/\/deteks.com.tr\/wp-content\/uploads\/ac_assets\/wave_animation\/wave-bot.png')\"><\/div>\n  <\/div>\n<\/div>\n<script type=\"text\/javascript\"  id=\"ue_script_wave_animation\">\n\n\/* Wave Animation scripts: *\/ \n\n\n<\/script>\n<!-- end Wave Animation -->\t\t\t<\/template>\n\t\t<\/div>\n\t\t\n\t\t\t\t<section class=\"elementor-section elementor-top-section elementor-element elementor-element-2bdcdce2 elementor-section-boxed elementor-section-height-default elementor-section-height-default\" data-id=\"2bdcdce2\" data-element_type=\"section\" data-e-type=\"section\" data-settings=\"{&quot;background_background&quot;:&quot;classic&quot;}\">\n\t\t\t\t\t\t\t<div class=\"elementor-background-overlay\"><\/div>\n\t\t\t\t\t\t\t<div class=\"elementor-container elementor-column-gap-default\">\n\t\t\t\t\t<div class=\"elementor-column elementor-col-50 elementor-top-column elementor-element elementor-element-354350ea\" data-id=\"354350ea\" data-element_type=\"column\" data-e-type=\"column\" data-settings=\"{&quot;background_background&quot;:&quot;classic&quot;}\">\n\t\t\t<div class=\"elementor-widget-wrap elementor-element-populated\">\n\t\t\t\t\t\t<div class=\"elementor-element elementor-element-6402096c elementor-tabs-view-vertical elementor-widget elementor-widget-tabs\" data-id=\"6402096c\" data-element_type=\"widget\" data-e-type=\"widget\" data-widget_type=\"tabs.default\">\n\t\t\t\t<div class=\"elementor-widget-container\">\n\t\t\t\t\t\t\t<div class=\"elementor-tabs\">\n\t\t\t<div class=\"elementor-tabs-wrapper\" role=\"tablist\" >\n\t\t\t\t\t\t\t\t\t<div id=\"elementor-tab-title-1671\" class=\"elementor-tab-title elementor-tab-desktop-title\" aria-selected=\"true\" data-tab=\"1\" role=\"tab\" tabindex=\"0\" aria-controls=\"elementor-tab-content-1671\" aria-expanded=\"false\">PEG 300 OLEATE<\/div>\n\t\t\t\t\t\t\t\t\t<div id=\"elementor-tab-title-1672\" class=\"elementor-tab-title elementor-tab-desktop-title\" aria-selected=\"false\" data-tab=\"2\" role=\"tab\" tabindex=\"-1\" aria-controls=\"elementor-tab-content-1672\" aria-expanded=\"false\">PEG 400 OLEATE<\/div>\n\t\t\t\t\t\t\t\t\t<div id=\"elementor-tab-title-1673\" class=\"elementor-tab-title elementor-tab-desktop-title\" aria-selected=\"false\" data-tab=\"3\" role=\"tab\" tabindex=\"-1\" aria-controls=\"elementor-tab-content-1673\" aria-expanded=\"false\">PEG 400 DIOLEATE<\/div>\n\t\t\t\t\t\t\t\t\t<div id=\"elementor-tab-title-1674\" class=\"elementor-tab-title elementor-tab-desktop-title\" aria-selected=\"false\" data-tab=\"4\" role=\"tab\" tabindex=\"-1\" aria-controls=\"elementor-tab-content-1674\" aria-expanded=\"false\">PEG 600 OLEATE<\/div>\n\t\t\t\t\t\t\t\t\t<div id=\"elementor-tab-title-1675\" class=\"elementor-tab-title elementor-tab-desktop-title\" aria-selected=\"false\" data-tab=\"5\" role=\"tab\" tabindex=\"-1\" aria-controls=\"elementor-tab-content-1675\" aria-expanded=\"false\">PEG 600 DIOLEATE<\/div>\n\t\t\t\t\t\t\t\t\t<div id=\"elementor-tab-title-1676\" class=\"elementor-tab-title elementor-tab-desktop-title\" aria-selected=\"false\" data-tab=\"6\" role=\"tab\" tabindex=\"-1\" aria-controls=\"elementor-tab-content-1676\" aria-expanded=\"false\">SORBITAN MONOOLEAT <\/div>\n\t\t\t\t\t\t\t\t\t<div id=\"elementor-tab-title-1677\" class=\"elementor-tab-title elementor-tab-desktop-title\" aria-selected=\"false\" data-tab=\"7\" role=\"tab\" tabindex=\"-1\" aria-controls=\"elementor-tab-content-1677\" aria-expanded=\"false\">GLISERIL MONOOLEAT<\/div>\n\t\t\t\t\t\t\t\t\t<div id=\"elementor-tab-title-1678\" class=\"elementor-tab-title elementor-tab-desktop-title\" aria-selected=\"false\" data-tab=\"8\" role=\"tab\" tabindex=\"-1\" aria-controls=\"elementor-tab-content-1678\" aria-expanded=\"false\">DOSS 70<\/div>\n\t\t\t\t\t\t\t\t\t<div id=\"elementor-tab-title-1679\" class=\"elementor-tab-title elementor-tab-desktop-title\" aria-selected=\"false\" data-tab=\"9\" role=\"tab\" tabindex=\"-1\" aria-controls=\"elementor-tab-content-1679\" aria-expanded=\"false\">ETHYLHEXYL PHOSPHATE ESTER<\/div>\n\t\t\t\t\t\t\t\t\t<div id=\"elementor-tab-title-16710\" class=\"elementor-tab-title elementor-tab-desktop-title\" aria-selected=\"false\" data-tab=\"10\" role=\"tab\" tabindex=\"-1\" aria-controls=\"elementor-tab-content-16710\" aria-expanded=\"false\">FATTY ALCOHOL EO ESTER<\/div>\n\t\t\t\t\t\t\t<\/div>\n\t\t\t<div class=\"elementor-tabs-content-wrapper\" role=\"tablist\" aria-orientation=\"vertical\">\n\t\t\t\t\t\t\t\t\t<div class=\"elementor-tab-title elementor-tab-mobile-title\" aria-selected=\"true\" data-tab=\"1\" role=\"tab\" tabindex=\"0\" aria-controls=\"elementor-tab-content-1671\" aria-expanded=\"false\">PEG 300 OLEATE<\/div>\n\t\t\t\t\t<div id=\"elementor-tab-content-1671\" class=\"elementor-tab-content elementor-clearfix\" data-tab=\"1\" role=\"tabpanel\" aria-labelledby=\"elementor-tab-title-1671\" tabindex=\"0\" hidden=\"false\"><p><strong>PEG 300 OLEATE<\/strong> is used as an emulsifier in mineral oil-based defoamer production, blending oils, cutting oils, cone oils for wool and synthetic fibers, molding oils, pesticide emulsifiers, metallic surface cleaners.<\/p><p><strong>PEG 300 OLEATE <\/strong>is a nonionic surfactant.<\/p><\/div>\n\t\t\t\t\t\t\t\t\t<div class=\"elementor-tab-title elementor-tab-mobile-title\" aria-selected=\"false\" data-tab=\"2\" role=\"tab\" tabindex=\"-1\" aria-controls=\"elementor-tab-content-1672\" aria-expanded=\"false\">PEG 400 OLEATE<\/div>\n\t\t\t\t\t<div id=\"elementor-tab-content-1672\" class=\"elementor-tab-content elementor-clearfix\" data-tab=\"2\" role=\"tabpanel\" aria-labelledby=\"elementor-tab-title-1672\" tabindex=\"0\" hidden=\"hidden\"><p><strong>PEG 400 OLEATE <\/strong>has excellent stability in hard water, diluted acids, oxidizing and reducing agents and metal salts.<\/p><p><strong>PEG 400 OLEATE <\/strong>is a nonionic surfactant.<\/p><p><strong>PEG 400 OLEATE <\/strong>is a general-purpose emulsifier.<\/p><\/div>\n\t\t\t\t\t\t\t\t\t<div class=\"elementor-tab-title elementor-tab-mobile-title\" aria-selected=\"false\" data-tab=\"3\" role=\"tab\" tabindex=\"-1\" aria-controls=\"elementor-tab-content-1673\" aria-expanded=\"false\">PEG 400 DIOLEATE<\/div>\n\t\t\t\t\t<div id=\"elementor-tab-content-1673\" class=\"elementor-tab-content elementor-clearfix\" data-tab=\"3\" role=\"tabpanel\" aria-labelledby=\"elementor-tab-title-1673\" tabindex=\"0\" hidden=\"hidden\"><p><strong>PEG 400 DIOLEATE <\/strong>has excellent stability in hard water, dilute acids, oxidizing and reducing agents and metal salts.<\/p><p><strong>PEG 400 DIOLEATE <\/strong>is a nonionic surfactant.<\/p><p><strong>PEG 400 DIOLEATE <\/strong>is a general-purpose emulsifier.<\/p><\/div>\n\t\t\t\t\t\t\t\t\t<div class=\"elementor-tab-title elementor-tab-mobile-title\" aria-selected=\"false\" data-tab=\"4\" role=\"tab\" tabindex=\"-1\" aria-controls=\"elementor-tab-content-1674\" aria-expanded=\"false\">PEG 600 OLEATE<\/div>\n\t\t\t\t\t<div id=\"elementor-tab-content-1674\" class=\"elementor-tab-content elementor-clearfix\" data-tab=\"4\" role=\"tabpanel\" aria-labelledby=\"elementor-tab-title-1674\" tabindex=\"0\" hidden=\"hidden\"><p><strong>PEG 600 OLEATE<\/strong> is used as a degreasing agent and emulsifying agent in emulsifiers.<\/p><p><strong>PEG 600 OLEATE <\/strong>is used as a moisturizer in the cosmetics industry.<\/p><\/div>\n\t\t\t\t\t\t\t\t\t<div class=\"elementor-tab-title elementor-tab-mobile-title\" aria-selected=\"false\" data-tab=\"5\" role=\"tab\" tabindex=\"-1\" aria-controls=\"elementor-tab-content-1675\" aria-expanded=\"false\">PEG 600 DIOLEATE<\/div>\n\t\t\t\t\t<div id=\"elementor-tab-content-1675\" class=\"elementor-tab-content elementor-clearfix\" data-tab=\"5\" role=\"tabpanel\" aria-labelledby=\"elementor-tab-title-1675\" tabindex=\"0\" hidden=\"hidden\"><p><strong>PEG 600 DIOLEATE <\/strong>is used as an active ingredient in pesticide emulsifiers and metallic surface cleaners.<\/p><p><strong>PEG 600 DIOLEATE <\/strong>is used as a degreasing agent and emulsifying agent in emulsifiers.<\/p><\/div>\n\t\t\t\t\t\t\t\t\t<div class=\"elementor-tab-title elementor-tab-mobile-title\" aria-selected=\"false\" data-tab=\"6\" role=\"tab\" tabindex=\"-1\" aria-controls=\"elementor-tab-content-1676\" aria-expanded=\"false\">SORBITAN MONOOLEAT <\/div>\n\t\t\t\t\t<div id=\"elementor-tab-content-1676\" class=\"elementor-tab-content elementor-clearfix\" data-tab=\"6\" role=\"tabpanel\" aria-labelledby=\"elementor-tab-title-1676\" tabindex=\"0\" hidden=\"hidden\"><p><strong>SORBITAN MONOOLEAT\u00a0<\/strong>is used as a wetting agent, emulsifier, dispersing agent, coupling agent and lubricant in many sectors such as cosmetics, pharmaceuticals, textiles, leather and pesticides.<\/p><p><strong>SORBITAN MONOOLEAT<\/strong> is a low HLB surfactant.<\/p><p>Product: <strong>SALTEMUL SMO<\/strong><\/p><h6>\u00a0<\/h6><h6>\u00a0<\/h6><\/div>\n\t\t\t\t\t\t\t\t\t<div class=\"elementor-tab-title elementor-tab-mobile-title\" aria-selected=\"false\" data-tab=\"7\" role=\"tab\" tabindex=\"-1\" aria-controls=\"elementor-tab-content-1677\" aria-expanded=\"false\">GLISERIL MONOOLEAT<\/div>\n\t\t\t\t\t<div id=\"elementor-tab-content-1677\" class=\"elementor-tab-content elementor-clearfix\" data-tab=\"7\" role=\"tabpanel\" aria-labelledby=\"elementor-tab-title-1677\" tabindex=\"0\" hidden=\"hidden\"><p><strong>GLISERIL MONOOLEAT\u00a0<\/strong>is used as emulsifier, stabilizer, softener, lubricant in food, cosmetics, detergent, plastic, pharmaceutical industries.\u00a0<\/p><p>Product: <strong>SALTESTER 35<\/strong><\/p><p>\u00a0<\/p><\/div>\n\t\t\t\t\t\t\t\t\t<div class=\"elementor-tab-title elementor-tab-mobile-title\" aria-selected=\"false\" data-tab=\"8\" role=\"tab\" tabindex=\"-1\" aria-controls=\"elementor-tab-content-1678\" aria-expanded=\"false\">DOSS 70<\/div>\n\t\t\t\t\t<div id=\"elementor-tab-content-1678\" class=\"elementor-tab-content elementor-clearfix\" data-tab=\"8\" role=\"tabpanel\" aria-labelledby=\"elementor-tab-title-1678\" tabindex=\"0\" hidden=\"hidden\"><p><strong>DIOCTYL SODIUM SULFOSUCCINATE<\/strong> is used as an effective wetting agent in systems such as water-based paint, ink, etc.<\/p><p>It is used as an effective emulsifier in emulsion polymerizations.<\/p><\/div>\n\t\t\t\t\t\t\t\t\t<div class=\"elementor-tab-title elementor-tab-mobile-title\" aria-selected=\"false\" data-tab=\"9\" role=\"tab\" tabindex=\"-1\" aria-controls=\"elementor-tab-content-1679\" aria-expanded=\"false\">ETHYLHEXYL PHOSPHATE ESTER<\/div>\n\t\t\t\t\t<div id=\"elementor-tab-content-1679\" class=\"elementor-tab-content elementor-clearfix\" data-tab=\"9\" role=\"tabpanel\" aria-labelledby=\"elementor-tab-title-1679\" tabindex=\"0\" hidden=\"hidden\"><p><strong>ETHYLHEXYL PHOSPHATE ESTER <\/strong>is an anionic surfactant.<\/p><p><strong>ETHYLHEXYL PHOSPHATE ESTER <\/strong>is used as a wetting agent, emulsifier, cleaner and anti-corrosion agent.<\/p><\/div>\n\t\t\t\t\t\t\t\t\t<div class=\"elementor-tab-title elementor-tab-mobile-title\" aria-selected=\"false\" data-tab=\"10\" role=\"tab\" tabindex=\"-1\" aria-controls=\"elementor-tab-content-16710\" aria-expanded=\"false\">FATTY ALCOHOL EO ESTER<\/div>\n\t\t\t\t\t<div id=\"elementor-tab-content-16710\" class=\"elementor-tab-content elementor-clearfix\" data-tab=\"10\" role=\"tabpanel\" aria-labelledby=\"elementor-tab-title-16710\" tabindex=\"0\" hidden=\"hidden\"><p><strong>FATTY ALCOHOL EO ESTER <\/strong>is a versatile surfactant.<\/p><p><strong>FATTY ALCOHOL EO ESTER <\/strong>isused effectively in many applications such as emulsion polymerization, textile auxiliaries, maintenance chemicals, metal finishing and agrochemicals.<\/p><\/div>\n\t\t\t\t\t\t\t<\/div>\n\t\t<\/div>\n\t\t\t\t\t\t<\/div>\n\t\t\t\t<\/div>\n\t\t\t\t\t<\/div>\n\t\t<\/div>\n\t\t\t\t<div class=\"elementor-column elementor-col-50 elementor-top-column elementor-element elementor-element-35eab06d\" data-id=\"35eab06d\" data-element_type=\"column\" data-e-type=\"column\" data-settings=\"{&quot;background_background&quot;:&quot;classic&quot;}\">\n\t\t\t<div class=\"elementor-widget-wrap\">\n\t\t\t\t\t\t\t<\/div>\n\t\t<\/div>\n\t\t\t\t\t<\/div>\n\t\t<\/section>\n\t\t\t\t<\/div>\n\t\t","protected":false},"excerpt":{"rendered":"<p>ESTERS PEG 300 OLEATE PEG 400 OLEATE PEG 400 DIOLEATE PEG 600 OLEATE PEG 600 DIOLEATE SORBITAN MONOOLEAT GLISERIL MONOOLEAT DOSS 70 ETHYLHEXYL PHOSPHATE ESTER FATTY ALCOHOL EO ESTER PEG 300 OLEATE PEG 300 OLEATE is used as an emulsifier in mineral oil-based defoamer production, blending oils, cutting oils, cone oils for wool and synthetic [&hellip;]<\/p>\n","protected":false},"author":3,"featured_media":0,"parent":0,"menu_order":0,"comment_status":"closed","ping_status":"closed","template":"elementor_header_footer","meta":{"footnotes":""},"class_list":["post-6248","page","type-page","status-publish","hentry"],"yoast_head":"<!-- This site is optimized with the Yoast SEO plugin v27.4 - https:\/\/yoast.com\/product\/yoast-seo-wordpress\/ -->\n<title>Esters - Deteks Kimya<\/title>\n<meta name=\"description\" content=\"Mineral ya\u011f bazl\u0131 k\u00f6p\u00fck kesici \u00fcretimlerinde, harman ya\u011flar\u0131nda, kesme ya\u011flar\u0131nda, y\u00fcn ve sentetik elyaflar i\u00e7in kone ya\u011flar\u0131nda... Esters\" \/>\n<meta name=\"robots\" content=\"index, follow, max-snippet:-1, max-image-preview:large, max-video-preview:-1\" \/>\n<link rel=\"canonical\" href=\"https:\/\/deteks.com.tr\/en\/esters\/\" \/>\n<meta property=\"og:locale\" content=\"en_US\" \/>\n<meta property=\"og:type\" content=\"article\" \/>\n<meta property=\"og:title\" content=\"Esters - Deteks Kimya\" \/>\n<meta property=\"og:description\" content=\"Mineral ya\u011f bazl\u0131 k\u00f6p\u00fck kesici \u00fcretimlerinde, harman ya\u011flar\u0131nda, kesme ya\u011flar\u0131nda, y\u00fcn ve sentetik elyaflar i\u00e7in kone ya\u011flar\u0131nda... Esters\" \/>\n<meta property=\"og:url\" content=\"https:\/\/deteks.com.tr\/en\/esters\/\" \/>\n<meta property=\"og:site_name\" content=\"Deteks Kimya\" \/>\n<meta property=\"article:publisher\" content=\"https:\/\/www.facebook.com\/DeteksKimya\/\" \/>\n<meta property=\"article:modified_time\" content=\"2024-01-12T11:01:57+00:00\" \/>\n<meta name=\"twitter:card\" content=\"summary_large_image\" \/>\n<meta name=\"twitter:site\" content=\"@detekskimya\" \/>\n<meta name=\"twitter:label1\" content=\"Est. reading time\" \/>\n\t<meta name=\"twitter:data1\" content=\"2 minutes\" \/>\n<script type=\"application\/ld+json\" class=\"yoast-schema-graph\">{\"@context\":\"https:\\\/\\\/schema.org\",\"@graph\":[{\"@type\":\"WebPage\",\"@id\":\"https:\\\/\\\/deteks.com.tr\\\/en\\\/esters\\\/\",\"url\":\"https:\\\/\\\/deteks.com.tr\\\/en\\\/esters\\\/\",\"name\":\"Esters - Deteks Kimya\",\"isPartOf\":{\"@id\":\"https:\\\/\\\/deteks.com.tr\\\/en\\\/#website\"},\"datePublished\":\"2022-05-22T12:34:14+00:00\",\"dateModified\":\"2024-01-12T11:01:57+00:00\",\"description\":\"Mineral ya\u011f bazl\u0131 k\u00f6p\u00fck kesici \u00fcretimlerinde, harman ya\u011flar\u0131nda, kesme ya\u011flar\u0131nda, y\u00fcn ve sentetik elyaflar i\u00e7in kone ya\u011flar\u0131nda... Esters\",\"breadcrumb\":{\"@id\":\"https:\\\/\\\/deteks.com.tr\\\/en\\\/esters\\\/#breadcrumb\"},\"inLanguage\":\"en-US\",\"potentialAction\":[{\"@type\":\"ReadAction\",\"target\":[\"https:\\\/\\\/deteks.com.tr\\\/en\\\/esters\\\/\"]}]},{\"@type\":\"BreadcrumbList\",\"@id\":\"https:\\\/\\\/deteks.com.tr\\\/en\\\/esters\\\/#breadcrumb\",\"itemListElement\":[{\"@type\":\"ListItem\",\"position\":1,\"name\":\"Ana Sayfa\",\"item\":\"https:\\\/\\\/deteks.com.tr\\\/en\\\/\"},{\"@type\":\"ListItem\",\"position\":2,\"name\":\"Esters\"}]},{\"@type\":\"WebSite\",\"@id\":\"https:\\\/\\\/deteks.com.tr\\\/en\\\/#website\",\"url\":\"https:\\\/\\\/deteks.com.tr\\\/en\\\/\",\"name\":\"Deteks Kimya\",\"description\":\"Sanayi A.\u015e.\",\"publisher\":{\"@id\":\"https:\\\/\\\/deteks.com.tr\\\/en\\\/#organization\"},\"potentialAction\":[{\"@type\":\"SearchAction\",\"target\":{\"@type\":\"EntryPoint\",\"urlTemplate\":\"https:\\\/\\\/deteks.com.tr\\\/en\\\/?s={search_term_string}\"},\"query-input\":{\"@type\":\"PropertyValueSpecification\",\"valueRequired\":true,\"valueName\":\"search_term_string\"}}],\"inLanguage\":\"en-US\"},{\"@type\":\"Organization\",\"@id\":\"https:\\\/\\\/deteks.com.tr\\\/en\\\/#organization\",\"name\":\"Deteks Kimya Sanayi\",\"url\":\"https:\\\/\\\/deteks.com.tr\\\/en\\\/\",\"logo\":{\"@type\":\"ImageObject\",\"inLanguage\":\"en-US\",\"@id\":\"https:\\\/\\\/deteks.com.tr\\\/en\\\/#\\\/schema\\\/logo\\\/image\\\/\",\"url\":\"https:\\\/\\\/deteks.com.tr\\\/wp-content\\\/uploads\\\/2022\\\/04\\\/Deteks-Logo-02.png\",\"contentUrl\":\"https:\\\/\\\/deteks.com.tr\\\/wp-content\\\/uploads\\\/2022\\\/04\\\/Deteks-Logo-02.png\",\"width\":234,\"height\":100,\"caption\":\"Deteks Kimya Sanayi\"},\"image\":{\"@id\":\"https:\\\/\\\/deteks.com.tr\\\/en\\\/#\\\/schema\\\/logo\\\/image\\\/\"},\"sameAs\":[\"https:\\\/\\\/www.facebook.com\\\/DeteksKimya\\\/\",\"https:\\\/\\\/x.com\\\/detekskimya\",\"https:\\\/\\\/www.youtube.com\\\/channel\\\/UCDw51vKTQHOCKvkFwypqAow\",\"https:\\\/\\\/www.instagram.com\\\/detekskimya\\\/\",\"https:\\\/\\\/www.linkedin.com\\\/company\\\/detekskimya\\\/\"]}]}<\/script>\n<!-- \/ Yoast SEO plugin. -->","yoast_head_json":{"title":"Esters - Deteks Kimya","description":"Mineral ya\u011f bazl\u0131 k\u00f6p\u00fck kesici \u00fcretimlerinde, harman ya\u011flar\u0131nda, kesme ya\u011flar\u0131nda, y\u00fcn ve sentetik elyaflar i\u00e7in kone ya\u011flar\u0131nda... Esters","robots":{"index":"index","follow":"follow","max-snippet":"max-snippet:-1","max-image-preview":"max-image-preview:large","max-video-preview":"max-video-preview:-1"},"canonical":"https:\/\/deteks.com.tr\/en\/esters\/","og_locale":"en_US","og_type":"article","og_title":"Esters - Deteks Kimya","og_description":"Mineral ya\u011f bazl\u0131 k\u00f6p\u00fck kesici \u00fcretimlerinde, harman ya\u011flar\u0131nda, kesme ya\u011flar\u0131nda, y\u00fcn ve sentetik elyaflar i\u00e7in kone ya\u011flar\u0131nda... Esters","og_url":"https:\/\/deteks.com.tr\/en\/esters\/","og_site_name":"Deteks Kimya","article_publisher":"https:\/\/www.facebook.com\/DeteksKimya\/","article_modified_time":"2024-01-12T11:01:57+00:00","twitter_card":"summary_large_image","twitter_site":"@detekskimya","twitter_misc":{"Est. reading time":"2 minutes"},"schema":{"@context":"https:\/\/schema.org","@graph":[{"@type":"WebPage","@id":"https:\/\/deteks.com.tr\/en\/esters\/","url":"https:\/\/deteks.com.tr\/en\/esters\/","name":"Esters - Deteks Kimya","isPartOf":{"@id":"https:\/\/deteks.com.tr\/en\/#website"},"datePublished":"2022-05-22T12:34:14+00:00","dateModified":"2024-01-12T11:01:57+00:00","description":"Mineral ya\u011f bazl\u0131 k\u00f6p\u00fck kesici \u00fcretimlerinde, harman ya\u011flar\u0131nda, kesme ya\u011flar\u0131nda, y\u00fcn ve sentetik elyaflar i\u00e7in kone ya\u011flar\u0131nda... Esters","breadcrumb":{"@id":"https:\/\/deteks.com.tr\/en\/esters\/#breadcrumb"},"inLanguage":"en-US","potentialAction":[{"@type":"ReadAction","target":["https:\/\/deteks.com.tr\/en\/esters\/"]}]},{"@type":"BreadcrumbList","@id":"https:\/\/deteks.com.tr\/en\/esters\/#breadcrumb","itemListElement":[{"@type":"ListItem","position":1,"name":"Ana Sayfa","item":"https:\/\/deteks.com.tr\/en\/"},{"@type":"ListItem","position":2,"name":"Esters"}]},{"@type":"WebSite","@id":"https:\/\/deteks.com.tr\/en\/#website","url":"https:\/\/deteks.com.tr\/en\/","name":"Deteks Kimya","description":"Sanayi A.\u015e.","publisher":{"@id":"https:\/\/deteks.com.tr\/en\/#organization"},"potentialAction":[{"@type":"SearchAction","target":{"@type":"EntryPoint","urlTemplate":"https:\/\/deteks.com.tr\/en\/?s={search_term_string}"},"query-input":{"@type":"PropertyValueSpecification","valueRequired":true,"valueName":"search_term_string"}}],"inLanguage":"en-US"},{"@type":"Organization","@id":"https:\/\/deteks.com.tr\/en\/#organization","name":"Deteks Kimya Sanayi","url":"https:\/\/deteks.com.tr\/en\/","logo":{"@type":"ImageObject","inLanguage":"en-US","@id":"https:\/\/deteks.com.tr\/en\/#\/schema\/logo\/image\/","url":"https:\/\/deteks.com.tr\/wp-content\/uploads\/2022\/04\/Deteks-Logo-02.png","contentUrl":"https:\/\/deteks.com.tr\/wp-content\/uploads\/2022\/04\/Deteks-Logo-02.png","width":234,"height":100,"caption":"Deteks Kimya Sanayi"},"image":{"@id":"https:\/\/deteks.com.tr\/en\/#\/schema\/logo\/image\/"},"sameAs":["https:\/\/www.facebook.com\/DeteksKimya\/","https:\/\/x.com\/detekskimya","https:\/\/www.youtube.com\/channel\/UCDw51vKTQHOCKvkFwypqAow","https:\/\/www.instagram.com\/detekskimya\/","https:\/\/www.linkedin.com\/company\/detekskimya\/"]}]}},"_links":{"self":[{"href":"https:\/\/deteks.com.tr\/en\/wp-json\/wp\/v2\/pages\/6248","targetHints":{"allow":["GET"]}}],"collection":[{"href":"https:\/\/deteks.com.tr\/en\/wp-json\/wp\/v2\/pages"}],"about":[{"href":"https:\/\/deteks.com.tr\/en\/wp-json\/wp\/v2\/types\/page"}],"author":[{"embeddable":true,"href":"https:\/\/deteks.com.tr\/en\/wp-json\/wp\/v2\/users\/3"}],"replies":[{"embeddable":true,"href":"https:\/\/deteks.com.tr\/en\/wp-json\/wp\/v2\/comments?post=6248"}],"version-history":[{"count":43,"href":"https:\/\/deteks.com.tr\/en\/wp-json\/wp\/v2\/pages\/6248\/revisions"}],"predecessor-version":[{"id":8637,"href":"https:\/\/deteks.com.tr\/en\/wp-json\/wp\/v2\/pages\/6248\/revisions\/8637"}],"wp:attachment":[{"href":"https:\/\/deteks.com.tr\/en\/wp-json\/wp\/v2\/media?parent=6248"}],"curies":[{"name":"wp","href":"https:\/\/api.w.org\/{rel}","templated":true}]}}