{"id":7987,"date":"2023-02-23T13:36:10","date_gmt":"2023-02-23T10:36:10","guid":{"rendered":"https:\/\/deteks.com.tr\/?page_id=7987"},"modified":"2023-04-15T11:13:29","modified_gmt":"2023-04-15T08:13:29","slug":"our-triple-responsibility-commitment","status":"publish","type":"page","link":"https:\/\/deteks.com.tr\/en\/our-triple-responsibility-commitment\/","title":{"rendered":"Our Triple Responsibility Commitment"},"content":{"rendered":"\t\t<div data-elementor-type=\"wp-page\" data-elementor-id=\"7987\" class=\"elementor elementor-7987 elementor-7433\" data-elementor-post-type=\"page\">\n\t\t\t\t\t\t<section class=\"elementor-section elementor-top-section elementor-element elementor-element-259e4082 elementor-section-height-min-height elementor-section-boxed elementor-section-height-default elementor-section-items-middle\" data-id=\"259e4082\" data-element_type=\"section\" data-e-type=\"section\" data-settings=\"{&quot;background_background&quot;:&quot;classic&quot;}\">\n\t\t\t\t\t\t\t<div class=\"elementor-background-overlay\"><\/div>\n\t\t\t\t\t\t\t<div class=\"elementor-container elementor-column-gap-default\">\n\t\t\t\t\t<div class=\"elementor-column elementor-col-100 elementor-top-column elementor-element elementor-element-710d1de5\" data-id=\"710d1de5\" data-element_type=\"column\" data-e-type=\"column\">\n\t\t\t<div class=\"elementor-widget-wrap elementor-element-populated\">\n\t\t\t\t\t\t<div class=\"elementor-element elementor-element-4d010b7d elementor-widget elementor-widget-heading\" data-id=\"4d010b7d\" data-element_type=\"widget\" data-e-type=\"widget\" data-widget_type=\"heading.default\">\n\t\t\t\t<div class=\"elementor-widget-container\">\n\t\t\t\t\t<h1 class=\"elementor-heading-title elementor-size-default\">OUR TRIPLE RESPONSIBILITY COMMITMENT<\/h1>\t\t\t\t<\/div>\n\t\t\t\t<\/div>\n\t\t\t\t\t<\/div>\n\t\t<\/div>\n\t\t\t\t\t<\/div>\n\t\t<\/section>\n\t\t\t\t<section class=\"elementor-section elementor-top-section elementor-element elementor-element-1e63b240 elementor-section-boxed elementor-section-height-default elementor-section-height-default\" data-id=\"1e63b240\" data-element_type=\"section\" data-e-type=\"section\" data-settings=\"{&quot;background_background&quot;:&quot;classic&quot;}\">\n\t\t\t\t\t\t<div class=\"elementor-container elementor-column-gap-default\">\n\t\t\t\t\t<div class=\"elementor-column elementor-col-50 elementor-top-column elementor-element elementor-element-7a840333\" data-id=\"7a840333\" data-element_type=\"column\" data-e-type=\"column\">\n\t\t\t<div class=\"elementor-widget-wrap elementor-element-populated\">\n\t\t\t\t\t\t<div class=\"elementor-element elementor-element-6ffe76c6 elementor-widget elementor-widget-text-editor\" data-id=\"6ffe76c6\" data-element_type=\"widget\" data-e-type=\"widget\" data-widget_type=\"text-editor.default\">\n\t\t\t\t<div class=\"elementor-widget-container\">\n\t\t\t\t\t\t\t\t\t<h6><img decoding=\"async\" class=\"wp-image-5737 alignright\" src=\"https:\/\/deteks.com.tr\/wp-content\/uploads\/2022\/06\/Responsible_Care-logo.png\" alt=\"\" width=\"150\" height=\"150\" srcset=\"https:\/\/deteks.com.tr\/wp-content\/uploads\/2022\/06\/Responsible_Care-logo.png 300w, https:\/\/deteks.com.tr\/wp-content\/uploads\/2022\/06\/Responsible_Care-logo-150x150.png 150w\" sizes=\"(max-width: 150px) 100vw, 150px\" \/>Triple Responsibility, by definition, is a program that prioritizes the protection of human life, the environment and natural resources at every stage of its activity and keeps this at the forefront. It was first introduced by the Canadian Chemical Manufacturers Association in 1984, and then spread to the world, and has now found application in more than 50 countries.<\/h6>\t\t\t\t\t\t\t\t<\/div>\n\t\t\t\t<\/div>\n\t\t\t\t\t<\/div>\n\t\t<\/div>\n\t\t\t\t<div class=\"elementor-column elementor-col-50 elementor-top-column elementor-element elementor-element-4dcbb17\" data-id=\"4dcbb17\" data-element_type=\"column\" data-e-type=\"column\">\n\t\t\t<div class=\"elementor-widget-wrap elementor-element-populated\">\n\t\t\t\t\t\t<div class=\"elementor-element elementor-element-622c6821 elementor-widget elementor-widget-ucaddon_simple_list_menu\" data-id=\"622c6821\" data-element_type=\"widget\" data-e-type=\"widget\" data-widget_type=\"ucaddon_simple_list_menu.default\">\n\t\t\t\t<div class=\"elementor-widget-container\">\n\t\t\t\t\t\n<!-- start Simple List Menu -->\n\t\t<link id='font-awesome-css' href='https:\/\/deteks.com.tr\/wp-content\/plugins\/unlimited-elements-for-elementor\/assets_libraries\/font-awesome6\/fontawesome-all.min.css' type='text\/css' rel='stylesheet' >\n\t\t<link id='font-awesome-4-shim-css' href='https:\/\/deteks.com.tr\/wp-content\/plugins\/unlimited-elements-for-elementor\/assets_libraries\/font-awesome6\/fontawesome-v4-shims.min.css' type='text\/css' rel='stylesheet' >\n\n<style>\/* widget: Simple List Menu *\/\n\n#uc_simple_list_menu_elementor_622c6821\n{\n  text-align:left;\n}\n#uc_simple_list_menu_elementor_622c6821 ul\n{\n  padding:0;\n  list-style:none;\n  margin:0;\n}\n\n#uc_simple_list_menu_elementor_622c6821 ul li\n{\n  padding:0;\n  list-style:none;\n  margin:0;\n}\n\n#uc_simple_list_menu_elementor_622c6821 ul li.current_page_item\n{\n  background-color:;\n}\n\n#uc_simple_list_menu_elementor_622c6821 ul ul li.current_page_item\n{\n  background-color:;\n}\n\n#uc_simple_list_menu_elementor_622c6821 ul ul ul li.current_page_item\n{\n  background-color:#e6e6e6;\n}\n\n#uc_simple_list_menu_elementor_622c6821 ul li:last-child\n{\n  border-bottom:none;\n}\n\n#uc_simple_list_menu_elementor_622c6821 ul li a\n{\n  text-decoration:none;\n  display:block;\n}\n\n\n\n<\/style>\n\n<div id=\"uc_simple_list_menu_elementor_622c6821\" class=\"simple_list_menu\">\n<ul id=\"menu-s-policy\" class=\"uc-list-menu\"><li id=\"menu-item-8072\" class=\"menu-item menu-item-type-post_type menu-item-object-page menu-item-has-children menu-item-8072\"><a href=\"https:\/\/deteks.com.tr\/en\/corporate-management-systems\/\">Corporate Management Systems<\/a>\n<ul class=\"sub-menu\">\n\t<li id=\"menu-item-8023\" class=\"menu-item menu-item-type-post_type menu-item-object-page menu-item-8023\"><a href=\"https:\/\/deteks.com.tr\/en\/environmetal-policy\/\">Environmetal Policy<\/a><\/li>\n\t<li id=\"menu-item-8022\" class=\"menu-item menu-item-type-post_type menu-item-object-page menu-item-8022\"><a href=\"https:\/\/deteks.com.tr\/en\/ohs-policy\/\">OHS Policy<\/a><\/li>\n\t<li id=\"menu-item-8021\" class=\"menu-item menu-item-type-post_type menu-item-object-page menu-item-8021\"><a href=\"https:\/\/deteks.com.tr\/en\/quality-policy\/\">Quality Policy<\/a><\/li>\n<\/ul>\n<\/li>\n<li id=\"menu-item-8024\" class=\"menu-item menu-item-type-post_type menu-item-object-page menu-item-8024\"><a href=\"https:\/\/deteks.com.tr\/en\/our-triple-responsibility-commitment\/\">Our Triple Responsibility Commitment<\/a><\/li>\n<li id=\"menu-item-9121\" class=\"menu-item menu-item-type-post_type menu-item-object-page menu-item-9121\"><a href=\"https:\/\/deteks.com.tr\/en\/zero-waste\/\">Zero Waste<\/a><\/li>\n<\/ul>\n<\/div>\n<!-- end Simple List Menu -->\t\t\t\t<\/div>\n\t\t\t\t<\/div>\n\t\t\t\t\t<\/div>\n\t\t<\/div>\n\t\t\t\t\t<\/div>\n\t\t<\/section>\n\t\t\t\t<section class=\"elementor-section elementor-top-section elementor-element elementor-element-6b552ba elementor-section-boxed elementor-section-height-default elementor-section-height-default\" data-id=\"6b552ba\" data-element_type=\"section\" data-e-type=\"section\" data-settings=\"{&quot;background_background&quot;:&quot;classic&quot;}\">\n\t\t\t\t\t\t<div class=\"elementor-container elementor-column-gap-default\">\n\t\t\t\t\t<div class=\"elementor-column elementor-col-50 elementor-top-column elementor-element elementor-element-b9f9eb1\" data-id=\"b9f9eb1\" data-element_type=\"column\" data-e-type=\"column\">\n\t\t\t<div class=\"elementor-widget-wrap elementor-element-populated\">\n\t\t\t\t\t\t<div class=\"elementor-element elementor-element-ab6c58f elementor-widget elementor-widget-text-editor\" data-id=\"ab6c58f\" data-element_type=\"widget\" data-e-type=\"widget\" data-widget_type=\"text-editor.default\">\n\t\t\t\t<div class=\"elementor-widget-container\">\n\t\t\t\t\t\t\t\t\t<p><strong>The Responsible Care Program is a voluntary application for the chemical industry.<\/strong> In our country, it is carried out under the coordination of the Turkish Chemical Manufacturers Association (TKSD). It is committed to implement the principles and requirements of the Tripartite Responsibility program, and the fulfillment, adequacy and continuity of the practices are audited by TKSD.<\/p><p><strong>Tripartite Responsibility is a short, medium and long-term uninterrupted practice that requires continuous effort and development in line with technological and economic conditions.<\/strong> The Turkish Chemical Manufacturers Association continues to develop new methods and guidelines to ensure that the Basic Principles of Tripartite Responsibility can be applied more effectively in all departments of organizations and at all levels of activities, and is in constant communication with the chemical industry.<\/p><h6>Deteks signed the Tripartite Responsibility Commitment on a voluntary basis, emphasizing the sensitivity of organizations operating in the chemical industry on environmental, human health and technical safety issues, on February 11, 1993, and became one of the leading organizations implementing this program in Turkey.<\/h6><p>As required by the Responsibility Program, Deteks prioritizes environmental protection, human health and technical safety at every stage of feasibility, planning, project design, assembly, production activities, shipment, maintenance and other service activities before the establishment of a facility, and produces by keeping all these in the foreground.<\/p><p><strong>Tripartite Responsibility Basic Principles<\/strong><\/p><ul><li>Employee Health and Safety<\/li><li>Pollution Prevention and Environmental Protection<\/li><li>Distribution<\/li><li>Communication \u2013 Community Awareness \u2013 Emergencies<\/li><li>Process Safety<\/li><li>Product Responsibility<\/li><\/ul>\t\t\t\t\t\t\t\t<\/div>\n\t\t\t\t<\/div>\n\t\t\t\t\t<\/div>\n\t\t<\/div>\n\t\t\t\t<div class=\"elementor-column elementor-col-50 elementor-top-column elementor-element elementor-element-adb5b46\" data-id=\"adb5b46\" data-element_type=\"column\" data-e-type=\"column\">\n\t\t\t<div class=\"elementor-widget-wrap elementor-element-populated\">\n\t\t\t\t\t\t<div class=\"elementor-element elementor-element-0eb329d elementor-widget elementor-widget-image\" data-id=\"0eb329d\" data-element_type=\"widget\" data-e-type=\"widget\" data-widget_type=\"image.default\">\n\t\t\t\t<div class=\"elementor-widget-container\">\n\t\t\t\t\t\t\t\t\t\t\t\t\t\t\t\t<a href=\"https:\/\/deteks.com.tr\/wp-content\/uploads\/2023\/02\/uclu-sorumluluk-sertifikasi2.jpg\" data-elementor-open-lightbox=\"yes\" data-elementor-lightbox-title=\"\u00fc\u00e7l\u00fc-sorumluluk-sertifikas\u01312\" data-e-action-hash=\"#elementor-action%3Aaction%3Dlightbox%26settings%3DeyJpZCI6NzQ1OCwidXJsIjoiaHR0cHM6XC9cL2RldGVrcy5jb20udHJcL3dwLWNvbnRlbnRcL3VwbG9hZHNcLzIwMjNcLzAyXC91Y2x1LXNvcnVtbHVsdWstc2VydGlmaWthc2kyLmpwZyJ9\">\n\t\t\t\t\t\t\t<img fetchpriority=\"high\" decoding=\"async\" width=\"727\" height=\"1024\" src=\"https:\/\/deteks.com.tr\/wp-content\/uploads\/2023\/02\/uclu-sorumluluk-sertifikasi2-727x1024.jpg\" class=\"attachment-large size-large wp-image-7458\" alt=\"\" srcset=\"https:\/\/deteks.com.tr\/wp-content\/uploads\/2023\/02\/uclu-sorumluluk-sertifikasi2-727x1024.jpg 727w, https:\/\/deteks.com.tr\/wp-content\/uploads\/2023\/02\/uclu-sorumluluk-sertifikasi2-383x540.jpg 383w, https:\/\/deteks.com.tr\/wp-content\/uploads\/2023\/02\/uclu-sorumluluk-sertifikasi2-768x1082.jpg 768w, https:\/\/deteks.com.tr\/wp-content\/uploads\/2023\/02\/uclu-sorumluluk-sertifikasi2.jpg 850w\" sizes=\"(max-width: 727px) 100vw, 727px\" \/>\t\t\t\t\t\t\t\t<\/a>\n\t\t\t\t\t\t\t\t\t\t\t\t\t\t\t<\/div>\n\t\t\t\t<\/div>\n\t\t\t\t\t<\/div>\n\t\t<\/div>\n\t\t\t\t\t<\/div>\n\t\t<\/section>\n\t\t\t\t<\/div>\n\t\t","protected":false},"excerpt":{"rendered":"<p>OUR TRIPLE RESPONSIBILITY COMMITMENT Triple Responsibility, by definition, is a program that prioritizes the protection of human life, the environment and natural resources at every stage of its activity and keeps this at the forefront. It was first introduced by the Canadian Chemical Manufacturers Association in 1984, and then spread to the world, and has [&hellip;]<\/p>\n","protected":false},"author":3,"featured_media":0,"parent":0,"menu_order":0,"comment_status":"closed","ping_status":"closed","template":"elementor_header_footer","meta":{"footnotes":""},"class_list":["post-7987","page","type-page","status-publish","hentry"],"yoast_head":"<!-- This site is optimized with the Yoast SEO plugin v27.4 - https:\/\/yoast.com\/product\/yoast-seo-wordpress\/ -->\n<title>Our Triple Responsibility Commitment - Deteks Kimya<\/title>\n<meta name=\"robots\" content=\"index, follow, max-snippet:-1, max-image-preview:large, max-video-preview:-1\" \/>\n<link rel=\"canonical\" href=\"https:\/\/deteks.com.tr\/en\/our-triple-responsibility-commitment\/\" \/>\n<meta property=\"og:locale\" content=\"en_US\" \/>\n<meta property=\"og:type\" content=\"article\" \/>\n<meta property=\"og:title\" content=\"Our Triple Responsibility Commitment - Deteks Kimya\" \/>\n<meta property=\"og:description\" content=\"OUR TRIPLE RESPONSIBILITY COMMITMENT Triple Responsibility, by definition, is a program that prioritizes the protection of human life, the environment and natural resources at every stage of its activity and keeps this at the forefront. It was first introduced by the Canadian Chemical Manufacturers Association in 1984, and then spread to the world, and has [&hellip;]\" \/>\n<meta property=\"og:url\" content=\"https:\/\/deteks.com.tr\/en\/our-triple-responsibility-commitment\/\" \/>\n<meta property=\"og:site_name\" content=\"Deteks Kimya\" \/>\n<meta property=\"article:publisher\" content=\"https:\/\/www.facebook.com\/DeteksKimya\/\" \/>\n<meta property=\"article:modified_time\" content=\"2023-04-15T08:13:29+00:00\" \/>\n<meta property=\"og:image\" content=\"https:\/\/deteks.com.tr\/wp-content\/uploads\/2022\/06\/Responsible_Care-logo.png\" \/>\n<meta name=\"twitter:card\" content=\"summary_large_image\" \/>\n<meta name=\"twitter:site\" content=\"@detekskimya\" \/>\n<meta name=\"twitter:label1\" content=\"Est. reading time\" \/>\n\t<meta name=\"twitter:data1\" content=\"3 minutes\" \/>\n<script type=\"application\/ld+json\" class=\"yoast-schema-graph\">{\"@context\":\"https:\\\/\\\/schema.org\",\"@graph\":[{\"@type\":\"WebPage\",\"@id\":\"https:\\\/\\\/deteks.com.tr\\\/en\\\/our-triple-responsibility-commitment\\\/\",\"url\":\"https:\\\/\\\/deteks.com.tr\\\/en\\\/our-triple-responsibility-commitment\\\/\",\"name\":\"Our Triple Responsibility Commitment - Deteks Kimya\",\"isPartOf\":{\"@id\":\"https:\\\/\\\/deteks.com.tr\\\/en\\\/#website\"},\"primaryImageOfPage\":{\"@id\":\"https:\\\/\\\/deteks.com.tr\\\/en\\\/our-triple-responsibility-commitment\\\/#primaryimage\"},\"image\":{\"@id\":\"https:\\\/\\\/deteks.com.tr\\\/en\\\/our-triple-responsibility-commitment\\\/#primaryimage\"},\"thumbnailUrl\":\"https:\\\/\\\/deteks.com.tr\\\/wp-content\\\/uploads\\\/2022\\\/06\\\/Responsible_Care-logo.png\",\"datePublished\":\"2023-02-23T10:36:10+00:00\",\"dateModified\":\"2023-04-15T08:13:29+00:00\",\"breadcrumb\":{\"@id\":\"https:\\\/\\\/deteks.com.tr\\\/en\\\/our-triple-responsibility-commitment\\\/#breadcrumb\"},\"inLanguage\":\"en-US\",\"potentialAction\":[{\"@type\":\"ReadAction\",\"target\":[\"https:\\\/\\\/deteks.com.tr\\\/en\\\/our-triple-responsibility-commitment\\\/\"]}]},{\"@type\":\"ImageObject\",\"inLanguage\":\"en-US\",\"@id\":\"https:\\\/\\\/deteks.com.tr\\\/en\\\/our-triple-responsibility-commitment\\\/#primaryimage\",\"url\":\"https:\\\/\\\/deteks.com.tr\\\/wp-content\\\/uploads\\\/2022\\\/06\\\/Responsible_Care-logo.png\",\"contentUrl\":\"https:\\\/\\\/deteks.com.tr\\\/wp-content\\\/uploads\\\/2022\\\/06\\\/Responsible_Care-logo.png\"},{\"@type\":\"BreadcrumbList\",\"@id\":\"https:\\\/\\\/deteks.com.tr\\\/en\\\/our-triple-responsibility-commitment\\\/#breadcrumb\",\"itemListElement\":[{\"@type\":\"ListItem\",\"position\":1,\"name\":\"Ana Sayfa\",\"item\":\"https:\\\/\\\/deteks.com.tr\\\/en\\\/\"},{\"@type\":\"ListItem\",\"position\":2,\"name\":\"Our Triple Responsibility Commitment\"}]},{\"@type\":\"WebSite\",\"@id\":\"https:\\\/\\\/deteks.com.tr\\\/en\\\/#website\",\"url\":\"https:\\\/\\\/deteks.com.tr\\\/en\\\/\",\"name\":\"Deteks Kimya\",\"description\":\"Sanayi A.\u015e.\",\"publisher\":{\"@id\":\"https:\\\/\\\/deteks.com.tr\\\/en\\\/#organization\"},\"potentialAction\":[{\"@type\":\"SearchAction\",\"target\":{\"@type\":\"EntryPoint\",\"urlTemplate\":\"https:\\\/\\\/deteks.com.tr\\\/en\\\/?s={search_term_string}\"},\"query-input\":{\"@type\":\"PropertyValueSpecification\",\"valueRequired\":true,\"valueName\":\"search_term_string\"}}],\"inLanguage\":\"en-US\"},{\"@type\":\"Organization\",\"@id\":\"https:\\\/\\\/deteks.com.tr\\\/en\\\/#organization\",\"name\":\"Deteks Kimya Sanayi\",\"url\":\"https:\\\/\\\/deteks.com.tr\\\/en\\\/\",\"logo\":{\"@type\":\"ImageObject\",\"inLanguage\":\"en-US\",\"@id\":\"https:\\\/\\\/deteks.com.tr\\\/en\\\/#\\\/schema\\\/logo\\\/image\\\/\",\"url\":\"https:\\\/\\\/deteks.com.tr\\\/wp-content\\\/uploads\\\/2022\\\/04\\\/Deteks-Logo-02.png\",\"contentUrl\":\"https:\\\/\\\/deteks.com.tr\\\/wp-content\\\/uploads\\\/2022\\\/04\\\/Deteks-Logo-02.png\",\"width\":234,\"height\":100,\"caption\":\"Deteks Kimya Sanayi\"},\"image\":{\"@id\":\"https:\\\/\\\/deteks.com.tr\\\/en\\\/#\\\/schema\\\/logo\\\/image\\\/\"},\"sameAs\":[\"https:\\\/\\\/www.facebook.com\\\/DeteksKimya\\\/\",\"https:\\\/\\\/x.com\\\/detekskimya\",\"https:\\\/\\\/www.youtube.com\\\/channel\\\/UCDw51vKTQHOCKvkFwypqAow\",\"https:\\\/\\\/www.instagram.com\\\/detekskimya\\\/\",\"https:\\\/\\\/www.linkedin.com\\\/company\\\/detekskimya\\\/\"]}]}<\/script>\n<!-- \/ Yoast SEO plugin. -->","yoast_head_json":{"title":"Our Triple Responsibility Commitment - Deteks Kimya","robots":{"index":"index","follow":"follow","max-snippet":"max-snippet:-1","max-image-preview":"max-image-preview:large","max-video-preview":"max-video-preview:-1"},"canonical":"https:\/\/deteks.com.tr\/en\/our-triple-responsibility-commitment\/","og_locale":"en_US","og_type":"article","og_title":"Our Triple Responsibility Commitment - Deteks Kimya","og_description":"OUR TRIPLE RESPONSIBILITY COMMITMENT Triple Responsibility, by definition, is a program that prioritizes the protection of human life, the environment and natural resources at every stage of its activity and keeps this at the forefront. It was first introduced by the Canadian Chemical Manufacturers Association in 1984, and then spread to the world, and has [&hellip;]","og_url":"https:\/\/deteks.com.tr\/en\/our-triple-responsibility-commitment\/","og_site_name":"Deteks Kimya","article_publisher":"https:\/\/www.facebook.com\/DeteksKimya\/","article_modified_time":"2023-04-15T08:13:29+00:00","og_image":[{"url":"https:\/\/deteks.com.tr\/wp-content\/uploads\/2022\/06\/Responsible_Care-logo.png","type":"","width":"","height":""}],"twitter_card":"summary_large_image","twitter_site":"@detekskimya","twitter_misc":{"Est. reading time":"3 minutes"},"schema":{"@context":"https:\/\/schema.org","@graph":[{"@type":"WebPage","@id":"https:\/\/deteks.com.tr\/en\/our-triple-responsibility-commitment\/","url":"https:\/\/deteks.com.tr\/en\/our-triple-responsibility-commitment\/","name":"Our Triple Responsibility Commitment - Deteks Kimya","isPartOf":{"@id":"https:\/\/deteks.com.tr\/en\/#website"},"primaryImageOfPage":{"@id":"https:\/\/deteks.com.tr\/en\/our-triple-responsibility-commitment\/#primaryimage"},"image":{"@id":"https:\/\/deteks.com.tr\/en\/our-triple-responsibility-commitment\/#primaryimage"},"thumbnailUrl":"https:\/\/deteks.com.tr\/wp-content\/uploads\/2022\/06\/Responsible_Care-logo.png","datePublished":"2023-02-23T10:36:10+00:00","dateModified":"2023-04-15T08:13:29+00:00","breadcrumb":{"@id":"https:\/\/deteks.com.tr\/en\/our-triple-responsibility-commitment\/#breadcrumb"},"inLanguage":"en-US","potentialAction":[{"@type":"ReadAction","target":["https:\/\/deteks.com.tr\/en\/our-triple-responsibility-commitment\/"]}]},{"@type":"ImageObject","inLanguage":"en-US","@id":"https:\/\/deteks.com.tr\/en\/our-triple-responsibility-commitment\/#primaryimage","url":"https:\/\/deteks.com.tr\/wp-content\/uploads\/2022\/06\/Responsible_Care-logo.png","contentUrl":"https:\/\/deteks.com.tr\/wp-content\/uploads\/2022\/06\/Responsible_Care-logo.png"},{"@type":"BreadcrumbList","@id":"https:\/\/deteks.com.tr\/en\/our-triple-responsibility-commitment\/#breadcrumb","itemListElement":[{"@type":"ListItem","position":1,"name":"Ana Sayfa","item":"https:\/\/deteks.com.tr\/en\/"},{"@type":"ListItem","position":2,"name":"Our Triple Responsibility Commitment"}]},{"@type":"WebSite","@id":"https:\/\/deteks.com.tr\/en\/#website","url":"https:\/\/deteks.com.tr\/en\/","name":"Deteks Kimya","description":"Sanayi A.\u015e.","publisher":{"@id":"https:\/\/deteks.com.tr\/en\/#organization"},"potentialAction":[{"@type":"SearchAction","target":{"@type":"EntryPoint","urlTemplate":"https:\/\/deteks.com.tr\/en\/?s={search_term_string}"},"query-input":{"@type":"PropertyValueSpecification","valueRequired":true,"valueName":"search_term_string"}}],"inLanguage":"en-US"},{"@type":"Organization","@id":"https:\/\/deteks.com.tr\/en\/#organization","name":"Deteks Kimya Sanayi","url":"https:\/\/deteks.com.tr\/en\/","logo":{"@type":"ImageObject","inLanguage":"en-US","@id":"https:\/\/deteks.com.tr\/en\/#\/schema\/logo\/image\/","url":"https:\/\/deteks.com.tr\/wp-content\/uploads\/2022\/04\/Deteks-Logo-02.png","contentUrl":"https:\/\/deteks.com.tr\/wp-content\/uploads\/2022\/04\/Deteks-Logo-02.png","width":234,"height":100,"caption":"Deteks Kimya Sanayi"},"image":{"@id":"https:\/\/deteks.com.tr\/en\/#\/schema\/logo\/image\/"},"sameAs":["https:\/\/www.facebook.com\/DeteksKimya\/","https:\/\/x.com\/detekskimya","https:\/\/www.youtube.com\/channel\/UCDw51vKTQHOCKvkFwypqAow","https:\/\/www.instagram.com\/detekskimya\/","https:\/\/www.linkedin.com\/company\/detekskimya\/"]}]}},"_links":{"self":[{"href":"https:\/\/deteks.com.tr\/en\/wp-json\/wp\/v2\/pages\/7987","targetHints":{"allow":["GET"]}}],"collection":[{"href":"https:\/\/deteks.com.tr\/en\/wp-json\/wp\/v2\/pages"}],"about":[{"href":"https:\/\/deteks.com.tr\/en\/wp-json\/wp\/v2\/types\/page"}],"author":[{"embeddable":true,"href":"https:\/\/deteks.com.tr\/en\/wp-json\/wp\/v2\/users\/3"}],"replies":[{"embeddable":true,"href":"https:\/\/deteks.com.tr\/en\/wp-json\/wp\/v2\/comments?post=7987"}],"version-history":[{"count":7,"href":"https:\/\/deteks.com.tr\/en\/wp-json\/wp\/v2\/pages\/7987\/revisions"}],"predecessor-version":[{"id":8041,"href":"https:\/\/deteks.com.tr\/en\/wp-json\/wp\/v2\/pages\/7987\/revisions\/8041"}],"wp:attachment":[{"href":"https:\/\/deteks.com.tr\/en\/wp-json\/wp\/v2\/media?parent=7987"}],"curies":[{"name":"wp","href":"https:\/\/api.w.org\/{rel}","templated":true}]}}